{"id":37523,"date":"2022-09-06T11:49:32","date_gmt":"2022-09-06T07:49:32","guid":{"rendered":"https:\/\/eliteconsultingclub.com\/politica-de-cookies\/"},"modified":"2025-01-10T18:32:50","modified_gmt":"2025-01-10T14:32:50","slug":"politica-de-cookies","status":"publish","type":"page","link":"https:\/\/eliteconsultingclub.com\/es\/politica-de-cookies\/","title":{"rendered":"Pol\u00edtica de cookies"},"content":{"rendered":"\t\t<div data-elementor-type=\"wp-page\" data-elementor-id=\"37523\" class=\"elementor elementor-37523 elementor-8787\" data-elementor-post-type=\"page\">\n\t\t\t\t<div class=\"elementor-element elementor-element-ce58485 e-flex e-con-boxed e-con e-parent\" data-id=\"ce58485\" data-element_type=\"container\" data-e-type=\"container\">\n\t\t\t\t\t<div class=\"e-con-inner\">\n\t\t\t\t<div class=\"elementor-element elementor-element-4e39789 elementor-widget elementor-widget-text-editor\" data-id=\"4e39789\" data-element_type=\"widget\" data-e-type=\"widget\" data-widget_type=\"text-editor.default\">\n\t\t\t\t<div class=\"elementor-widget-container\">\n\t\t\t\t\t\t\t\t\t<article class=\"w-full scroll-mb-[var(--thread-trailing-height,150px)] text-token-text-primary focus-visible:outline-2 focus-visible:outline-offset-[-4px]\" dir=\"auto\" data-testid=\"conversation-turn-9\" data-scroll-anchor=\"false\">\n<div class=\"m-auto text-base py-[18px] px-3 md:px-4 w-full md:px-5 lg:px-4 xl:px-5\">\n<div class=\"mx-auto flex flex-1 gap-4 text-base md:gap-5 lg:gap-6 md:max-w-3xl lg:max-w-[40rem] xl:max-w-[48rem]\">\n<div class=\"group\/conversation-turn relative flex w-full min-w-0 flex-col agent-turn\">\n<div class=\"flex-col gap-1 md:gap-3\">\n<div class=\"flex max-w-full flex-col flex-grow\">\n<div class=\"min-h-8 text-message flex w-full flex-col items-end gap-2 whitespace-normal break-words text-start [.text-message+&amp;]:mt-5\" dir=\"auto\" data-message-author-role=\"assistant\" data-message-id=\"88ecad35-cf91-44aa-a4cd-4b40e6a15439\" data-message-model-slug=\"gpt-4o\">\n<div class=\"flex w-full flex-col gap-1 empty:hidden first:pt-[3px]\">\n<div class=\"markdown prose w-full break-words dark:prose-invert dark\">\n<h3>Pol\u00edtica de cookies<\/h3>\n<p><strong>Fecha de entrada en vigor:<\/strong> 29 de diciembre de 2024<\/p>\n<p>Elite Consulting (\u00abnosotros\u00bb, \u00abnuestro\u00bb, \u00abnos\u00bb) se compromete a proteger tu privacidad y a garantizar la transparencia sobre c\u00f3mo utilizamos las cookies y tecnolog\u00edas similares en nuestro sitio web. Esta Pol\u00edtica de Cookies explica qu\u00e9 son las cookies, c\u00f3mo las utilizamos y tus opciones con respecto a su uso. <\/p>\n<hr>\n<h4><strong>\u00bfQu\u00e9 son las cookies?<\/strong><\/h4>\n<p>Las cookies son peque\u00f1os archivos de texto que se almacenan en tu dispositivo cuando visitas un sitio web. Se utilizan ampliamente para mejorar la funcionalidad y el rendimiento de los sitios web, mejorar la experiencia del usuario y proporcionar datos anal\u00edticos a los propietarios de los sitios web. <\/p>\n<\/p>\n<hr>\n<h4><strong>C\u00f3mo utilizamos las cookies<\/strong><\/h4>\n<p>Utilizamos cookies con varios fines, entre ellos<\/p>\n<ol>\n<li><strong>Cookies esenciales<\/strong>: Estas cookies son necesarias para que el sitio web funcione correctamente y no pueden desactivarse en nuestros sistemas.<\/li>\n<li><strong>Cookies de rendimiento<\/strong>: Estas cookies nos ayudan a entender c\u00f3mo interact\u00faan los visitantes con nuestro sitio web mediante la recopilaci\u00f3n y notificaci\u00f3n de informaci\u00f3n de forma an\u00f3nima.<\/li>\n<li><strong>Cookies funcionales<\/strong>: Permiten mejorar la funcionalidad y la personalizaci\u00f3n, como recordar tus preferencias.<\/li>\n<li><strong>Cookies publicitarias<\/strong>: Estas cookies pueden ser instaladas por nosotros o por terceros proveedores para ofrecer anuncios relevantes y realizar un seguimiento de su rendimiento.<\/li>\n<\/ol>\n<hr>\n<h4><strong>Tipos de cookies que utilizamos<\/strong><\/h4>\n<table>\n<thead>\n<tr>\n<th><strong>Tipo de Cookie<\/strong><\/th>\n<th><strong>Finalidad<\/strong><\/th>\n<th><strong>Duraci\u00f3n<\/strong><\/th>\n<\/tr>\n<\/thead>\n<tbody>\n<tr>\n<td>Cookies esenciales<\/td>\n<td>Garantizan la funcionalidad del sitio web (por ejemplo, navegaci\u00f3n, seguridad).<\/td>\n<td>De sesi\u00f3n o persistentes<\/td>\n<\/tr>\n<tr>\n<td>Cookies anal\u00edticas<\/td>\n<td>Recopilan datos sobre c\u00f3mo utilizan el sitio los visitantes para obtener informaci\u00f3n sobre el rendimiento, incluido Google Analytics.<\/td>\n<td>Persistentes<\/td>\n<\/tr>\n<tr>\n<td>Cookies de preferencias<\/td>\n<td>Guardan las preferencias del usuario, como los ajustes de idioma y ubicaci\u00f3n.<\/td>\n<td>Persistentes<\/td>\n<\/tr>\n<tr>\n<td>Cookies de orientaci\u00f3n<\/td>\n<td>Rastrean la actividad del usuario para proporcionar anuncios personalizados y comunicaciones de marketing.<\/td>\n<td>Persistentes<\/td>\n<\/tr>\n<\/tbody>\n<\/table>\n<hr>\n<h4><strong>Herramientas de terceros que utilizamos<\/strong><\/h4>\n<p>Para mejorar tu experiencia y aumentar la funcionalidad de nuestro sitio web, utilizamos las siguientes herramientas:<\/p>\n<ul>\n<li><strong>Consola de B\u00fasqueda de Google<\/strong>: Nos ayuda a supervisar y mantener la presencia de nuestro sitio web en los resultados de b\u00fasqueda de Google.<\/li>\n<li><strong>Google Analytics<\/strong>: Recopila informaci\u00f3n sobre c\u00f3mo interact\u00faan los visitantes con nuestro sitio web, incluidos datos de tr\u00e1fico y comportamiento de los usuarios, para ayudarnos a optimizar el rendimiento.<\/li>\n<li><strong>TidyCal<\/strong>: Un sistema de reservas que agiliza la programaci\u00f3n y gesti\u00f3n de citas en nuestro sitio web.<\/li>\n<\/ul>\n<p>Estas herramientas pueden utilizar cookies o tecnolog\u00edas similares para recopilar datos. Para m\u00e1s informaci\u00f3n, consulta sus respectivas pol\u00edticas de privacidad. <\/p>\n<\/p>\n<hr>\n<h4><strong>Tus opciones<\/strong><\/h4>\n<h5><strong>Gesti\u00f3n de cookies<\/strong><\/h5>\n<p>Puedes gestionar o desactivar las cookies a trav\u00e9s de la configuraci\u00f3n de tu navegador. Ten en cuenta que desactivar algunas cookies puede afectar a la funcionalidad de nuestro sitio web. <\/p>\n<h5><strong>Opciones de exclusi\u00f3n voluntaria<\/strong><\/h5>\n<p>En el caso de las cookies anal\u00edticas y publicitarias, puedes excluirte directamente a trav\u00e9s de las respectivas herramientas proporcionadas por terceros proveedores, como Google Analytics o las redes publicitarias.<\/p>\n<h5><strong>No rastrear (DNT)<\/strong><\/h5>\n<p>Algunos navegadores incluyen una funci\u00f3n \u00abNo rastrear\u00bb (DNT) que te permite indicar a los sitios web tu preferencia de no rastrear tus actividades en l\u00ednea.<\/p>\n<hr>\n<h4><strong>Cambios en esta Pol\u00edtica de Cookies<\/strong><\/h4>\n<p>Podemos actualizar esta Pol\u00edtica de Cookies de vez en cuando para reflejar los cambios en la tecnolog\u00eda, la legislaci\u00f3n o nuestras operaciones comerciales. Revisa esta p\u00e1gina peri\u00f3dicamente para estar al d\u00eda.<\/p>\n<\/p>\n<hr>\n<h4><strong>Contacte con nosotros<\/strong><\/h4>\n<p>Si tienes preguntas sobre esta Pol\u00edtica de Cookies, ponte en contacto con nosotros en:<\/p>\n<p><strong>Elite Consulting<\/strong><br \/>Correo electr\u00f3nico: <a rel=\"noopener\">info@eliteconsultingclub.com<\/a><br \/>Direcci\u00f3n: SPC Free Zone, Sheikh Mohammed Bin Zayed Rd, Sharjah, E.A.U.<\/p>\n<\/div>\n<\/div>\n<\/div>\n<\/div>\n<\/div>\n<\/div>\n<\/div>\n<\/div>\n<\/article>\n\t\t\t\t\t\t\t\t<\/div>\n\t\t\t\t<\/div>\n\t\t\t\t\t<\/div>\n\t\t\t\t<\/div>\n\t\t\t\t<\/div>\n\t\t","protected":false},"excerpt":{"rendered":"<p>Pol\u00edtica de cookies Fecha de entrada en vigor: 29 de diciembre de 2024 Elite Consulting (\u00abnosotros\u00bb, \u00abnuestro\u00bb, \u00abnos\u00bb) se compromete a proteger tu privacidad y a garantizar la transparencia sobre c\u00f3mo utilizamos las cookies y tecnolog\u00edas similares en nuestro sitio web. Esta Pol\u00edtica de Cookies explica qu\u00e9 son las cookies, c\u00f3mo las utilizamos y tus&hellip;<\/p>\n","protected":false},"author":1,"featured_media":0,"parent":0,"menu_order":75,"comment_status":"closed","ping_status":"closed","template":"","meta":{"footnotes":""},"class_list":["post-37523","page","type-page","status-publish","hentry"],"aioseo_notices":[],"_links":{"self":[{"href":"https:\/\/eliteconsultingclub.com\/es\/wp-json\/wp\/v2\/pages\/37523","targetHints":{"allow":["GET"]}}],"collection":[{"href":"https:\/\/eliteconsultingclub.com\/es\/wp-json\/wp\/v2\/pages"}],"about":[{"href":"https:\/\/eliteconsultingclub.com\/es\/wp-json\/wp\/v2\/types\/page"}],"author":[{"embeddable":true,"href":"https:\/\/eliteconsultingclub.com\/es\/wp-json\/wp\/v2\/users\/1"}],"replies":[{"embeddable":true,"href":"https:\/\/eliteconsultingclub.com\/es\/wp-json\/wp\/v2\/comments?post=37523"}],"version-history":[{"count":0,"href":"https:\/\/eliteconsultingclub.com\/es\/wp-json\/wp\/v2\/pages\/37523\/revisions"}],"wp:attachment":[{"href":"https:\/\/eliteconsultingclub.com\/es\/wp-json\/wp\/v2\/media?parent=37523"}],"curies":[{"name":"wp","href":"https:\/\/api.w.org\/{rel}","templated":true}]}}