{"id":37398,"date":"2024-12-19T12:17:35","date_gmt":"2024-12-19T08:17:35","guid":{"rendered":"https:\/\/eliteconsultingclub.com\/politica-de-privacidad\/"},"modified":"2024-12-29T19:49:43","modified_gmt":"2024-12-29T15:49:43","slug":"politica-de-privacidad","status":"publish","type":"page","link":"https:\/\/eliteconsultingclub.com\/es\/politica-de-privacidad\/","title":{"rendered":"Pol\u00edtica de privacidad"},"content":{"rendered":"\t\t<div data-elementor-type=\"wp-page\" data-elementor-id=\"37398\" class=\"elementor elementor-37398 elementor-3\" data-elementor-post-type=\"page\">\n\t\t\t\t<div class=\"elementor-element elementor-element-bb6254f e-flex e-con-boxed e-con e-parent\" data-id=\"bb6254f\" data-element_type=\"container\" data-e-type=\"container\">\n\t\t\t\t\t<div class=\"e-con-inner\">\n\t\t\t\t<div class=\"elementor-element elementor-element-762957fd elementor-widget elementor-widget-text-editor\" data-id=\"762957fd\" data-element_type=\"widget\" data-e-type=\"widget\" data-widget_type=\"text-editor.default\">\n\t\t\t\t<div class=\"elementor-widget-container\">\n\t\t\t\t\t\t\t\t\t<h3>Pol\u00edtica de privacidad<\/h3>\n<p><strong>Fecha de entrada en vigor:<\/strong> 29 de diciembre de 2024<\/p>\n<p>Elite Consulting (\u00abnosotros\u00bb, \u00abnuestro\u00bb, \u00abnos\u00bb) se compromete a proteger tus datos personales y a mantener los m\u00e1s altos niveles de cumplimiento de la normativa mundial contra el blanqueo de capitales (AML) y de conocimiento del cliente (KYC). Esta Pol\u00edtica de Privacidad explica c\u00f3mo recogemos, utilizamos, almacenamos y compartimos tus datos.<\/p>\n<hr>\n<h4><strong>1. Datos que recogemos<\/strong><\/h4>\n<p>Para cumplir nuestras obligaciones en virtud de la normativa AML\/KYC y prestar servicios de creaci\u00f3n de empresas, recopilamos los siguientes tipos de informaci\u00f3n personal:<\/p>\n<ul>\n<li><strong>Informaci\u00f3n personal identificable (IPI):<\/strong> Nombre completo, fecha de nacimiento, nacionalidad, direcci\u00f3n y datos de contacto.<\/li>\n<li><strong>Documentos de identificaci\u00f3n:<\/strong> Pasaportes, documentos nacionales de identidad, permisos de conducir y justificantes de domicilio.<\/li>\n<li><strong>Informaci\u00f3n financiera:<\/strong> Extractos bancarios y otra documentaci\u00f3n necesaria para el cumplimiento de las normas KYC.<\/li>\n<li><strong>Datos de verificaci\u00f3n:<\/strong> Datos obtenidos a trav\u00e9s de sistemas de verificaci\u00f3n como AidKYC, Onfido y SumSub.<\/li>\n<\/ul>\n<hr>\n<h4><strong>2. Finalidad de la recogida de datos<\/strong><\/h4>\n<p>Recogemos y procesamos tus datos estrictamente para los siguientes fines:<\/p>\n<ul>\n<li><strong>Servicios de creaci\u00f3n de empresas:<\/strong> Para facilitar la creaci\u00f3n de tu empresa en jurisdicciones como Hong Kong, Seychelles, Panam\u00e1, EE.UU., Singapur y Emiratos \u00c1rabes Unidos.<\/li>\n<li><strong>Cumplimiento AML\/KYC:<\/strong> Para verificar tu identidad y garantizar el cumplimiento de la normativa aplicable contra el blanqueo de capitales.<\/li>\n<li><strong>Requisitos normativos:<\/strong> Transmitir la informaci\u00f3n necesaria a las autoridades gubernamentales competentes o a los organismos reguladores para garantizar procesos empresariales fluidos y conformes.<\/li>\n<\/ul>\n<hr>\n<h4><strong>3. C\u00f3mo utilizamos tus datos<\/strong><\/h4>\n<p>Tus datos se utilizan exclusivamente para los fines arriba indicados y se tratan respetando estrictamente las normas reglamentarias:<\/p>\n<ul>\n<li><strong>Verificaci\u00f3n AML\/KYC:<\/strong> Utilizando sistemas de confianza como AidKYC, Onfido y SumSub para verificar tu identidad y tu documentaci\u00f3n financiera.<\/li>\n<li><strong>Tramitaci\u00f3n de la creaci\u00f3n de empresas:<\/strong> Presentar la documentaci\u00f3n necesaria ante las autoridades o entidades competentes para la inscripci\u00f3n de la empresa.<\/li>\n<li><strong>Cumplimiento normativo:<\/strong> Proporcionar los datos necesarios a los gobiernos o entidades competentes para cumplir las normas de cumplimiento AML.<\/li>\n<\/ul>\n<hr>\n<h4><strong>4. Intercambio y divulgaci\u00f3n de datos<\/strong><\/h4>\n<p>S\u00f3lo podemos compartir tus datos con las siguientes partes:<\/p>\n<ul>\n<li><strong>Autoridades gubernamentales:<\/strong> Organismos reguladores pertinentes y entidades gubernamentales de las jurisdicciones en las que vayas a crear una empresa.<\/li>\n<li><strong>Sistemas de verificaci\u00f3n de terceros:<\/strong> AidKYC, Onfido y SumSub para verificaci\u00f3n de identidad y cumplimiento.<\/li>\n<li><strong>Proveedores de servicios:<\/strong> Entidades de confianza que ayudan en los procesos de registro de empresas y de cumplimiento de la ley.<\/li>\n<\/ul>\n<p>No vendemos, alquilamos ni revelamos tus datos a terceros no autorizados.<\/p>\n<hr>\n<h4><strong>5. Seguridad de los datos<\/strong><\/h4>\n<p>Aplicamos estrictas medidas de seguridad para proteger tus datos personales, entre las que se incluyen:<\/p>\n<ul>\n<li>Cifrado de datos sensibles durante su almacenamiento y transmisi\u00f3n.<\/li>\n<li>Controles de acceso para limitar el manejo de datos s\u00f3lo al personal autorizado.<\/li>\n<li>Auditor\u00edas peri\u00f3dicas y controles de cumplimiento para garantizar el cumplimiento de las normas AML\/KYC.<\/li>\n<\/ul>\n<hr>\n<h3><strong>6. Conservaci\u00f3n de datos<\/strong><\/h3>\n<p>Conservamos tus datos s\u00f3lo durante el tiempo necesario para cumplir los fines para los que fueron recogidos, incluyendo:<\/p>\n<ul>\n<li>Cumplir las obligaciones AML\/KYC.<\/li>\n<li>Cumplir los requisitos legales o reglamentarios.<\/li>\n<li>Conservar los registros a efectos de constituci\u00f3n y funcionamiento de la empresa.<\/li>\n<\/ul>\n<hr>\n<h4><strong>7. Tus derechos<\/strong><\/h4>\n<p>Tienes los siguientes derechos en relaci\u00f3n con tus datos personales:<\/p>\n<ul>\n<li><strong>Acceso y rectificaci\u00f3n:<\/strong> Solicitar el acceso o la rectificaci\u00f3n de tus datos personales.<\/li>\n<li><strong>Supresi\u00f3n:<\/strong> Solicitar la supresi\u00f3n de tus datos cuando est\u00e9 legalmente permitido.<\/li>\n<li><strong>Restricci\u00f3n del tratamiento:<\/strong> Restringir el tratamiento de tus datos en determinadas circunstancias.<\/li>\n<li><strong>Reclamaciones:<\/strong> Presenta una reclamaci\u00f3n ante una autoridad de protecci\u00f3n de datos si crees que se han vulnerado tus derechos.<\/li>\n<\/ul>\n<hr>\n<h4><strong>8. Actualizaciones de esta Pol\u00edtica<\/strong><\/h4>\n<p>Podemos actualizar esta Pol\u00edtica de Privacidad de vez en cuando para reflejar cambios en nuestras operaciones, requisitos normativos o tecnolog\u00eda. Revisa esta p\u00e1gina peri\u00f3dicamente para estar al d\u00eda.<\/p>\n<hr>\n<h4><strong>9. Contacta con nosotros<\/strong><\/h4>\n<p>Si tienes preguntas o dudas sobre esta Pol\u00edtica de privacidad, ponte en contacto con nosotros en<\/p>\n<p><strong>Elite Consulting<\/strong><br \/>Correo electr\u00f3nico: <a rel=\"noopener\">info@eliteconsultingclub.com<\/a><br \/>Direcci\u00f3n: SPC Free Zone, Sheikh Mohammed Bin Zayed Rd, Sharjah, E.A.U.<\/p>\n\t\t\t\t\t\t\t\t<\/div>\n\t\t\t\t<\/div>\n\t\t\t\t\t<\/div>\n\t\t\t\t<\/div>\n\t\t\t\t<\/div>\n\t\t","protected":false},"excerpt":{"rendered":"<p>Pol\u00edtica de privacidad Fecha de entrada en vigor: 29 de diciembre de 2024 Elite Consulting (\u00abnosotros\u00bb, \u00abnuestro\u00bb, \u00abnos\u00bb) se compromete a proteger tus datos personales y a mantener los m\u00e1s altos niveles de cumplimiento de la normativa mundial contra el blanqueo de capitales (AML) y de conocimiento del cliente (KYC). Esta Pol\u00edtica de Privacidad explica&hellip;<\/p>\n","protected":false},"author":1,"featured_media":0,"parent":0,"menu_order":0,"comment_status":"closed","ping_status":"open","template":"","meta":{"footnotes":""},"class_list":["post-37398","page","type-page","status-publish","hentry"],"aioseo_notices":[],"_links":{"self":[{"href":"https:\/\/eliteconsultingclub.com\/es\/wp-json\/wp\/v2\/pages\/37398","targetHints":{"allow":["GET"]}}],"collection":[{"href":"https:\/\/eliteconsultingclub.com\/es\/wp-json\/wp\/v2\/pages"}],"about":[{"href":"https:\/\/eliteconsultingclub.com\/es\/wp-json\/wp\/v2\/types\/page"}],"author":[{"embeddable":true,"href":"https:\/\/eliteconsultingclub.com\/es\/wp-json\/wp\/v2\/users\/1"}],"replies":[{"embeddable":true,"href":"https:\/\/eliteconsultingclub.com\/es\/wp-json\/wp\/v2\/comments?post=37398"}],"version-history":[{"count":0,"href":"https:\/\/eliteconsultingclub.com\/es\/wp-json\/wp\/v2\/pages\/37398\/revisions"}],"wp:attachment":[{"href":"https:\/\/eliteconsultingclub.com\/es\/wp-json\/wp\/v2\/media?parent=37398"}],"curies":[{"name":"wp","href":"https:\/\/api.w.org\/{rel}","templated":true}]}}